{"id":262,"date":"2020-12-23T23:38:53","date_gmt":"2020-12-23T21:38:53","guid":{"rendered":"https:\/\/elkosia.lv\/projektesana\/"},"modified":"2021-03-08T10:43:53","modified_gmt":"2021-03-08T08:43:53","slug":"design","status":"publish","type":"page","link":"https:\/\/elkosia.lv\/en\/design\/","title":{"rendered":"Design"},"content":{"rendered":"<p>SIA \u201cElko\u201d kop\u0161 1999.gada veic elektroietai\u0161u projekt\u0113\u0161anas darbus sekojo\u0161aj\u0101s jom\u0101s:<\/p>\n<ul>\n<li>Elektroietai\u0161u projekt\u0113\u0161ana l\u012bdz 400kV\n<ul>\n<li>Apak\u0161stacijas<\/li>\n<li>Kabe\u013cu l\u012bnijas<\/li>\n<li>Gaisvadu l\u012bnijas<\/li>\n<li>Releju aizsardz\u012bba un autom\u0101tika<\/li>\n<\/ul>\n<\/li>\n<li>Elektroietai\u0161u projekt\u0113\u0161ana l\u012bdz 35kV\n<ul>\n<li>Apak\u0161stacijas<\/li>\n<li>Kabe\u013cu l\u012bnijas<\/li>\n<li>Gaisvadu l\u012bnijas<\/li>\n<li>Releju aizsardz\u012bba un autom\u0101tika<\/li>\n<li>Iek\u0161\u0113jie elektrot\u012bkli un zibensaizsardz\u012bba<\/li>\n<li>Telekomunik\u0101ciju sist\u0113mu un t\u012bklu projekt\u0113\u0161ana<\/li>\n<li>Piesaistot sadarb\u012bbas partnerus, SIA \u201cELKO\u201d veic ar\u012b \u0123ener\u0101lprojekt\u0113t\u0101ja funkcijas un projektu vad\u012bbu.<\/li>\n<\/ul>\n<\/li>\n<\/ul>\n<p><strong>Sertifik\u0101ti<\/strong><\/p>\n<p>Lai nodro\u0161in\u0101tu nep\u0101rtrauktu att\u012bst\u012bbu un izaugsmi, Elko 2000. gad\u0101 ieviesis ISO 9001 kvalit\u0101tes vad\u012bbas sist\u0113mu, ieg\u016bstot ISO 9001 sertifik\u0101tu, k\u0101 ar\u012b 2018. gad\u0101 tika ieg\u016bts ISO 14001 \u2013 vides vad\u012bbas sist\u0113mu sertifik\u0101ts.<\/p>\n<p>Nr. 1 Nr. 2<br \/>\nElektroietai\u0161u projekt\u0113\u0161an\u0101 iesaist\u012bti augsti kvalific\u0113ti speci\u0101listi, kuri ir kompetenti veikt darbus sekojo\u0161\u0101s projekt\u0113\u0161anas jom\u0101s:<\/p>\n<ul>\n<li>Apak\u0161stacijas un sadales punkti 110-400kV<\/li>\n<li>Gaisvadu l\u012bnijas 110-400kV<\/li>\n<li>Kabe\u013cl\u012bnijas 110-400kV<\/li>\n<li>Transformatoru apak\u0161stacijas un sadales punkti l\u012bdz 35kV<\/li>\n<li>Gaisvadu l\u012bnijas lidz 35kV un kabe\u013cl\u012bnijas l\u012bdz 35kV<\/li>\n<li>Mazas jaudas elektrostaciju elektrisk\u0101 da\u013ca l\u012bdz 1kV<\/li>\n<li>\u0112ku elektroinstal\u0101cija l\u012bdz 1kV<\/li>\n<li>Elektropiedzi\u0146a un autom\u0101tika l\u012bdz 1kV<\/li>\n<li>Elektrodzin\u0113ji un \u0123eneratori l\u012bdz 1kV<\/li>\n<li>Ugunsdz\u0113s\u012bbas un apsardzes signaliz\u0101cija l\u012bdz 1kV<\/li>\n<li>B\u016bvju zibensaizsardz\u012bba un p\u0101rspriegumaizsardz\u012bba l\u012bdz 1kV<\/li>\n<li>Relejaizsardz\u012bba un autom\u0101tika no 1kV l\u012bdz 35kV<\/li>\n<li>Relejaizsardz\u012bba un autom\u0101tika no 110kV l\u012bdz 400kV<\/li>\n<li>Elektronisko sakaru sist\u0113mu un t\u012bklu projekt\u0113\u0161ana<\/li>\n<li>Elektroietai\u0161u b\u016bvprojektu ekspert\u012bze (ekspert\u012bze 3.grupas b\u016bvju b\u016bvprojektiem, no 1kV l\u012bdz 35kV, virs 110kV)<\/li>\n<\/ul>\n<p><strong>Realiz\u0113tie projekti<\/strong><\/p>\n<p>Vid\u0113ji gada laik\u0101 tiek izstr\u0101d\u0101ti 100 da\u017e\u0101da apjoma un sare\u017e\u0123\u012bt\u012bbas b\u016bvprojekti.<\/p>\n<p>P\u0113d\u0113jo gadu laik\u0101, k\u0101 noz\u012bm\u012bg\u0101kos, varam min\u0113t sekojo\u0161us b\u016bvprojektus:<\/p>\n<table width=\"778\">\n<tbody>\n<tr>\n<td width=\"352\"><strong>Objekta nosaukums<\/strong><\/td>\n<td width=\"85\"><strong>Gads<\/strong><\/td>\n<td width=\"341\"><strong>Izpild\u012bto darbu veids<\/strong><\/td>\n<\/tr>\n<tr>\n<td width=\"352\">Igaunijas &#8211; Latvijas tre\u0161\u0101 330 kV starpsavienojuma elektrop\u0101rvades l\u012bniju izb\u016bve.<\/td>\n<td width=\"85\"><strong>2018-2020<\/strong><\/td>\n<td width=\"341\">110\/330kV gaisvadu elektrop\u0101rvades l\u012bnijas b\u016bvprojekta izstr\u0101de (189km), t.sk.\u0161\u0137\u0113rsojo\u0161o komunik\u0101ciju p\u0101rb\u016bves b\u016bvprojektu izstr\u0101de.<\/td>\n<\/tr>\n<tr>\n<td width=\"352\">Apak\u0161stacijas \u201cBauska\u201d elektroener\u0123ijas komercuzskaites sak\u0101rto\u0161anas b\u016bvprojekta izstr\u0101de<\/td>\n<td width=\"85\"><strong>2017-2018<\/strong><\/td>\n<td width=\"341\">Kop\u0146u tiltu un komercuzskaites p\u0101rb\u016bves b\u016bvprojekta izstr\u0101de, t.sk.RAA un DVS.<\/td>\n<\/tr>\n<tr>\n<td width=\"352\">Apak\u0161stacijas \u201cSloka\u201d elektroener\u0123ijas komercuzskaites sak\u0101rto\u0161anas b\u016bvprojekta izstr\u0101de<\/td>\n<td width=\"85\"><strong>2017-2018<\/strong><\/td>\n<td width=\"341\">Kop\u0146u tiltu un komercuzskaites p\u0101rb\u016bves b\u016bvprojekta izstr\u0101de, t.sk.RAA un DVS.<\/td>\n<\/tr>\n<tr>\n<td width=\"352\">Apak\u0161stacijas \u201cM\u0101rupe\u201d elektroener\u0123ijas komercuzskaites sak\u0101rto\u0161anas b\u016bvprojekta izstr\u0101de<\/td>\n<td width=\"85\"><strong>2017-2018<\/strong><\/td>\n<td width=\"341\">Kop\u0146u tiltu un komercuzskaites p\u0101rb\u016bves b\u016bvprojekta izstr\u0101de, t.sk.RAA un DVS.<\/td>\n<\/tr>\n<tr>\n<td width=\"352\">FP46\/TP1382 p\u0101rb\u016bve Zentenes ielas un Dubultu ielas rajon\u0101, R\u012bg\u0101<\/td>\n<td width=\"85\"><strong>2017-2018<\/strong><\/td>\n<td width=\"341\">10kV sadales punkta (16 jaudas sl\u0113d\u017ei, RAA, DVS) b\u016bvprojekta izstr\u0101de.<\/td>\n<\/tr>\n<\/tbody>\n<\/table>\n<p>&nbsp;<\/p>\n<p><strong>Kontakti<br \/>\n<\/strong><em>Lauris Zl\u0113mets<\/em><br \/>\n<em>Projekt\u0113\u0161anas departamenta vad\u012bt\u0101js<\/em><br \/>\n<em>Mob. +371 29151567<\/em><br \/>\n<em>lauris.zlemets@elkosia.lv<\/em><\/p>\n","protected":false},"excerpt":{"rendered":"<p>SIA \u201cElko\u201d kop\u0161 1999.gada veic elektroietai\u0161u projekt\u0113\u0161anas darbus sekojo\u0161aj\u0101s jom\u0101s: Elektroietai\u0161u projekt\u0113\u0161ana l\u012bdz 400kV Apak\u0161stacijas Kabe\u013cu l\u012bnijas Gaisvadu l\u012bnijas Releju aizsardz\u012bba un autom\u0101tika Elektroietai\u0161u projekt\u0113\u0161ana l\u012bdz 35kV Apak\u0161stacijas Kabe\u013cu l\u012bnijas Gaisvadu l\u012bnijas Releju aizsardz\u012bba un autom\u0101tika Iek\u0161\u0113jie elektrot\u012bkli un zibensaizsardz\u012bba Telekomunik\u0101ciju sist\u0113mu un t\u012bklu projekt\u0113\u0161ana Piesaistot sadarb\u012bbas partnerus, SIA \u201cELKO\u201d veic ar\u012b \u0123ener\u0101lprojekt\u0113t\u0101ja funkcijas un [&hellip;]<\/p>\n","protected":false},"author":1,"featured_media":0,"parent":0,"menu_order":0,"comment_status":"closed","ping_status":"closed","template":"page-design.php","meta":{"footnotes":""},"acf":[],"aioseo_notices":[],"_links":{"self":[{"href":"https:\/\/elkosia.lv\/en\/wp-json\/wp\/v2\/pages\/262"}],"collection":[{"href":"https:\/\/elkosia.lv\/en\/wp-json\/wp\/v2\/pages"}],"about":[{"href":"https:\/\/elkosia.lv\/en\/wp-json\/wp\/v2\/types\/page"}],"author":[{"embeddable":true,"href":"https:\/\/elkosia.lv\/en\/wp-json\/wp\/v2\/users\/1"}],"replies":[{"embeddable":true,"href":"https:\/\/elkosia.lv\/en\/wp-json\/wp\/v2\/comments?post=262"}],"version-history":[{"count":3,"href":"https:\/\/elkosia.lv\/en\/wp-json\/wp\/v2\/pages\/262\/revisions"}],"predecessor-version":[{"id":622,"href":"https:\/\/elkosia.lv\/en\/wp-json\/wp\/v2\/pages\/262\/revisions\/622"}],"wp:attachment":[{"href":"https:\/\/elkosia.lv\/en\/wp-json\/wp\/v2\/media?parent=262"}],"curies":[{"name":"wp","href":"https:\/\/api.w.org\/{rel}","templated":true}]}}